{"id":188,"date":"2025-01-11T19:24:45","date_gmt":"2025-01-12T01:24:45","guid":{"rendered":"https:\/\/cartoambientalconverdad.org\/?page_id=188"},"modified":"2025-09-21T22:06:47","modified_gmt":"2025-09-22T04:06:47","slug":"focos-vitales-municipales","status":"publish","type":"page","link":"https:\/\/cartoambientalconverdad.org\/index.php\/focos-vitales-municipales\/","title":{"rendered":"Focos Vitales Municipales"},"content":{"rendered":"\n<h2 class=\"wp-block-heading\">Las obligaciones municipales y sus debilidades<\/h2>\n\n\n\n<p class=\"has-headings-color has-text-color has-background has-link-color wp-elements-c052dc38840733f90f8de06c8d70a3e5\" style=\"background-color:#def1ee\">El Municipio, Municipalidad o Departamento como entidad responsable de la administraci\u00f3n local, tiene una serie de obligaciones que son esenciales para fomentar un gobierno incluyente y justo. Estas obligaciones no solo abarcan la provisi\u00f3n de servicios b\u00e1sicos, sino que tambi\u00e9n se extienden a la promoci\u00f3n de la participaci\u00f3n ciudadana y la erradicaci\u00f3n de la desigualdad social.<\/p>\n\n\n\n<p class=\"has-headings-color has-text-color has-background has-link-color wp-elements-460849bbde35181f8889aa6e75caa3b1\" style=\"background-color:#def1ee\">La gobernanza municipal se basa en principios que son vitales para garantizar una gesti\u00f3n eficiente y transparente. La rendici\u00f3n de cuentas, la transparencia en el uso de recursos y la b\u00fasqueda de la equidad son aspectos que deben ser considerados al evaluar sus acciones. En este sentido, la implementaci\u00f3n de pol\u00edticas p\u00fablicas efectivas requiere que los gobiernos locales se comprometan a trabajar en colaboraci\u00f3n con las comunidades que representan, asegurando que sus decisiones reflejen las necesidades y prioridades de la poblaci\u00f3n.<\/p>\n\n\n\n<h2 class=\"wp-block-heading\">Retos en salud y su abordaje municipal<\/h2>\n\n\n\n<p class=\"has-headings-color has-text-color has-background has-link-color wp-elements-db934897f33c87fa62cbf1e64352fb7e\" style=\"background-color:#def1ee\">As\u00ed mismo, el municipio enfrenta diversos retos en el \u00e1mbito de la salud p\u00fablica, siendo su papel crucial para garantizar el acceso equitativo a servicios m\u00e9dicos. Entre otros, procurar agua asequible, accesible, saludable y aceptable, aunado a sistemas de saneamiento eficaces en inmediato crecer\u00e1n las cifras positivas en salud, sobre todo en las comunidades m\u00e1s vulnerables.<\/p>\n\n\n\n<h2 class=\"wp-block-heading\">Desarrollo sostenible y ambientalismo<\/h2>\n\n\n\n<p class=\"has-headings-color has-text-color has-background has-link-color wp-elements-98bcc33f33e7526e504a8df0b6bf30b6\" style=\"background-color:#def1ee\">Por otra parte, el municipio tiene un papel crucial en la promoci\u00f3n del desarrollo sostenible y la protecci\u00f3n del medio ambiente. Estas obligaciones se enmarcan en la necesidad de implementar estrategias que permitan enfrentar los retos ambientales contempor\u00e1neos, como el cambio clim\u00e1tico, la escasez de recursos naturales, estr\u00e9s y justicia h\u00eddrica y la gesti\u00f3n adecuada de residuos. Para abordar estas cuestiones, se requieren acciones que no solo se enfoquen en el crecimiento econ\u00f3mico, sino que tambi\u00e9n integren la conservaci\u00f3n del entorno natural.<\/p>\n\n\n\n<h2 class=\"wp-block-heading\">Educaci\u00f3n y ordenamiento territorial socioh\u00eddrico<\/h2>\n\n\n\n<p class=\"has-headings-color has-text-color has-background has-link-color wp-elements-1fc3e0980450669202b77e074197bfa2\" style=\"background-color:#def1ee\">La educaci\u00f3n se erige como un pilar fundamental en el desarrollo del municipio, convirti\u00e9ndose en un instrumento vital para alcanzar un gobierno incluyente y justo. Una educaci\u00f3n de calidad no solo promueve el progreso individual, sino que tambi\u00e9n fomenta la conciencia ambiental necesaria para el manejo eficiente de las bondades de la naturaleza. Los municipios tienen la responsabilidad de implementar programas educativos que integren conceptos sobre la sostenibilidad y la gesti\u00f3n adecuada del agua, preparando a los ciudadanos para ser activos participantes en la protecci\u00f3n de su entorno. Este enfoque proactivo fomenta la participaci\u00f3n ciudadana, esencial para el fortalecimiento de una democracia participativa.<\/p>\n","protected":false},"excerpt":{"rendered":"<p>Las obligaciones municipales y sus debilidades El Municipio, Municipalidad o Departamento como entidad responsable de la administraci\u00f3n local, tiene una serie de obligaciones que son &hellip;<\/p>\n","protected":false},"author":1,"featured_media":0,"parent":0,"menu_order":0,"comment_status":"closed","ping_status":"closed","template":"","meta":{"give_campaign_id":0,"_et_pb_use_builder":"","_et_pb_old_content":"","_et_gb_content_width":"","_themeisle_gutenberg_block_has_review":false,"footnotes":""},"class_list":["post-188","page","type-page","status-publish","hentry"],"aioseo_notices":[],"campaignId":"","_links":{"self":[{"href":"https:\/\/cartoambientalconverdad.org\/index.php\/wp-json\/wp\/v2\/pages\/188","targetHints":{"allow":["GET"]}}],"collection":[{"href":"https:\/\/cartoambientalconverdad.org\/index.php\/wp-json\/wp\/v2\/pages"}],"about":[{"href":"https:\/\/cartoambientalconverdad.org\/index.php\/wp-json\/wp\/v2\/types\/page"}],"author":[{"embeddable":true,"href":"https:\/\/cartoambientalconverdad.org\/index.php\/wp-json\/wp\/v2\/users\/1"}],"replies":[{"embeddable":true,"href":"https:\/\/cartoambientalconverdad.org\/index.php\/wp-json\/wp\/v2\/comments?post=188"}],"version-history":[{"count":7,"href":"https:\/\/cartoambientalconverdad.org\/index.php\/wp-json\/wp\/v2\/pages\/188\/revisions"}],"predecessor-version":[{"id":714,"href":"https:\/\/cartoambientalconverdad.org\/index.php\/wp-json\/wp\/v2\/pages\/188\/revisions\/714"}],"wp:attachment":[{"href":"https:\/\/cartoambientalconverdad.org\/index.php\/wp-json\/wp\/v2\/media?parent=188"}],"curies":[{"name":"wp","href":"https:\/\/api.w.org\/{rel}","templated":true}]}}